{"id":66,"date":"2019-07-28T11:24:59","date_gmt":"2019-07-28T09:24:59","guid":{"rendered":"https:\/\/lecool.ch\/?page_id=66"},"modified":"2019-11-21T09:22:08","modified_gmt":"2019-11-21T08:22:08","slug":"datenschutzerklarung","status":"publish","type":"page","link":"https:\/\/lecool.ch\/de\/datenschutzerklarung\/","title":{"rendered":"Datenschutzerkl\u00e4rung"},"content":{"rendered":"<div id='av_section_1'  class='avia-section av-k18sl7el-f1d07a76199fdad3d26751605e020d42 main_color avia-section-huge avia-no-border-styling  avia-builder-el-0  avia-builder-el-no-sibling  avia-bg-style-scroll av-minimum-height av-minimum-height-75 av-height-75  container_wrap fullsize'   data-av_minimum_height_pc='75' data-av_min_height_opt='75'><div class='container av-section-cont-open' ><main  role=\"main\" itemprop=\"mainContentOfPage\"  class='template-page content  av-content-full alpha units'><div class='post-entry post-entry-type-page post-entry-66'><div class='entry-content-wrapper clearfix'>\n\n<style type=\"text\/css\" data-created_by=\"avia_inline_auto\" id=\"style-css-av-1dk8e-c2b94083204fcfca0198696000ef1797\">\n.flex_column.av-1dk8e-c2b94083204fcfca0198696000ef1797{\nborder-radius:0px 0px 0px 0px;\npadding:0px 0px 0px 0px;\n}\n<\/style>\n<div  class='flex_column av-1dk8e-c2b94083204fcfca0198696000ef1797 av_one_full  avia-builder-el-1  avia-builder-el-no-sibling  first flex_column_div av-zero-column-padding  '     ><p>\n<style type=\"text\/css\" data-created_by=\"avia_inline_auto\" id=\"style-css-av-av_heading-37394f9a82fd3c44b698155060512b96\">\n#top .av-special-heading.av-av_heading-37394f9a82fd3c44b698155060512b96{\npadding-bottom:10px;\nfont-size:45px;\n}\nbody .av-special-heading.av-av_heading-37394f9a82fd3c44b698155060512b96 .av-special-heading-tag .heading-char{\nfont-size:25px;\n}\n#top #wrap_all .av-special-heading.av-av_heading-37394f9a82fd3c44b698155060512b96 .av-special-heading-tag{\nfont-size:45px;\n}\n.av-special-heading.av-av_heading-37394f9a82fd3c44b698155060512b96 .av-subheading{\nfont-size:15px;\n}\n\n@media only screen and (min-width: 480px) and (max-width: 767px){ \n#top #wrap_all .av-special-heading.av-av_heading-37394f9a82fd3c44b698155060512b96 .av-special-heading-tag{\nfont-size:0.8em;\n}\n}\n\n@media only screen and (max-width: 479px){ \n#top #wrap_all .av-special-heading.av-av_heading-37394f9a82fd3c44b698155060512b96 .av-special-heading-tag{\nfont-size:0.8em;\n}\n}\n<\/style>\n<div  class='av-special-heading av-av_heading-37394f9a82fd3c44b698155060512b96 av-special-heading-h1 blockquote modern-quote  avia-builder-el-2  el_before_av_hr  avia-builder-el-first  av-inherit-size'><h1 class='av-special-heading-tag '  itemprop=\"headline\"  >Datenschutz<\/h1><div class=\"special-heading-border\"><div class=\"special-heading-inner-border\"><\/div><\/div><\/div><br \/>\n<div  class='hr av-k18svowd-342a5a00faab9c98e9cab65b750147bc hr-short  avia-builder-el-3  el_after_av_heading  el_before_av_textblock  hr-left'><span class='hr-inner '><span class=\"hr-inner-style\"><\/span><\/span><\/div><br \/>\n<section  class='av_textblock_section av-qs0m-644d017734e64dcc59df16fa3b17d12c '   itemscope=\"itemscope\" itemtype=\"https:\/\/schema.org\/CreativeWork\" ><div class='avia_textblock'  itemprop=\"text\" ><p><span style=\"font-weight: 400;\">Gest\u00fctzt auf Artikel 13 der schweizerischen Bundesverfassung und die datenschutzrechtlichen Bestimmungen des Bundes (Datenschutzgesetz, DSG) hat jede Person Anspruch auf Schutz ihrer Privatsph\u00e4re sowie auf Schutz vor Missbrauch ihrer pers\u00f6nlichen Daten. Wir halten diese Bestimmungen strikt ein. Pers\u00f6nliche Daten werden streng vertraulich behandelt und weder an Dritte verkauft noch weitergegeben.<\/span><\/p>\n<p><span style=\"font-weight: 400;\">In enger Zusammenarbeit mit unserem Hosting-Provider bem\u00fchen wir uns, die Datenbanken so gut wie m\u00f6glich vor fremden Zugriffen, Verlusten, Missbrauch oder vor F\u00e4lschung zu sch\u00fctzen. Beim Zugriff auf unsere Webseiten werden folgende Daten in Logfiles gespeichert: IP-Adresse, Datum, Uhrzeit, Browser-Anfrage und allg. \u00fcbertragene Informationen zum Betriebssystem resp. Browser. Diese Nutzungsdaten bilden die Basis f\u00fcr statistische, anonyme Auswertungen, so dass Trends erkennbar sind, anhand derer wir unsere Angebote entsprechend verbessern k\u00f6nnen.<\/span><\/p>\n<p><b>Datenschutzerkl\u00e4rung f\u00fcr die Verwendung von Kontaktformularen<\/b><\/p>\n<p><span style=\"font-weight: 400;\">Daten werden dabei nur streng zweckgebunden zur Bearbeitung und Beantwortung von Anfragen benutzt. Mit dem Absenden des Kontaktformulars erkl\u00e4rt sich die betroffene Person mit der Verarbeitung einverstanden. Nach Abschluss der Bearbeitung der Anfrage der betroffenen Person werden die erhobenen Daten gel\u00f6scht, insofern diese nicht f\u00fcr die weitere Bearbeitung der Anfrage oder eines daraufhin entstandenen Auftrags weiter ben\u00f6tigt werden.\u00a0\u00a0\u00a0\u00a0\u00a0\u00a0\u00a0<\/span><\/p>\n<p><b>Datenschutzerkl\u00e4rung f\u00fcr die Nutzung von Google Analytics<\/b><\/p>\n<p><span style=\"font-weight: 400;\">Diese Website benutzt Google Analytics, einen Webanalysedienst der Google Inc. (&#8222;Google&#8220;), <\/span><span style=\"font-weight: 400;\">mit der Erweiterung \u201e_anonymizeIp()\u201c. Dabei werden IP-Adressen gek\u00fcrzt weiterverarbeitet, eine Personenbeziehbarkeit kann damit ausgeschlossen werden. Soweit den \u00fcber Sie erhobenen Daten ein Personenbezug zukommt, wird dieser also sofort ausgeschlossen und die personenbezogenen Daten werden damit umgehend gel\u00f6scht.<\/span><\/p>\n<p><span style=\"font-weight: 400;\">Google Analytics verwendet sog. &#8222;Cookies&#8220;, Textdateien, die auf Ihrem Computer gespeichert werden und die eine Analyse der Benutzung der Website durch Sie erm\u00f6glichen. Die durch den Cookie erzeugten Informationen \u00fcber Ihre Benutzung dieser Website werden in der Regel an einen Server von Google in den USA \u00fcbertragen und dort gespeichert. Durch die Aktivierung der IP-Anonymisierung auf dieser Webseite wird Ihre IP-Adresse von Google jedoch zuvor gek\u00fcrzt und ist nicht mehr zuweisbar. Nur in Ausnahmef\u00e4llen wird die volle IP-Adresse an einen Server von Google in den USA \u00fcbertragen, dort aber dann gek\u00fcrzt. Google wird diese Informationen benutzen, um Ihre Nutzung der Website auszuwerten, um Reports \u00fcber die Webseitenaktivit\u00e4ten f\u00fcr die Webseitenbetreiber zusammenzustellen und um weitere mit der Websitenutzung und der Internetnutzung verbundene Dienstleistungen zu erbringen. Auch wird Google diese Informationen gegebenenfalls an Dritte \u00fcbertragen, sofern dies gesetzlich vorgeschrieben oder soweit Dritte diese Daten im Auftrag von Google verarbeiten. Die im Rahmen von Google Analytics von Ihrem Browser \u00fcbermittelte IP-Adresse wird nicht mit anderen Daten von Google zusammengef\u00fchrt. Sie k\u00f6nnen die Installation der Cookies durch eine entsprechende Einstellung Ihrer Browser Software verhindern; wir weisen Sie jedoch darauf hin, dass Sie in diesem Fall gegebenenfalls nicht s\u00e4mtliche Funktionen dieser Website voll umf\u00e4nglich nutzen k\u00f6nnen. Durch die Nutzung dieser Website erkl\u00e4ren Sie sich mit der Bearbeitung der \u00fcber Sie erhobenen Daten durch Google in der zuvor beschriebenen Art und Weise und zu dem zuvor benannten Zweck einverstanden.<\/span><\/p>\n<h2 id=\"verwendung\"><span style=\"font-weight: 400;\">Verwendung von Cookies<\/span><\/h2>\n<p>Diese Seite verwendet Cookies um bestm\u00f6glichen Service zu gew\u00e4hrleisten. Mit der Nutzung der Seite stimmen Sie der Cookie-Nutzung zu.<\/p>\n<\/div><\/section><\/p><\/div>\n","protected":false},"excerpt":{"rendered":"","protected":false},"author":3,"featured_media":0,"parent":0,"menu_order":0,"comment_status":"closed","ping_status":"closed","template":"","meta":{"footnotes":""},"class_list":["post-66","page","type-page","status-publish","hentry"],"yoast_head":"<!-- This site is optimized with the Yoast SEO plugin v27.3 - https:\/\/yoast.com\/product\/yoast-seo-wordpress\/ -->\n<title>Datenschutzerkl\u00e4rung | LeCool<\/title>\n<meta name=\"robots\" content=\"index, follow, max-snippet:-1, max-image-preview:large, max-video-preview:-1\" \/>\n<link rel=\"canonical\" href=\"https:\/\/lecool.ch\/de\/datenschutzerklarung\/\" \/>\n<meta property=\"og:locale\" content=\"de_DE\" \/>\n<meta property=\"og:type\" content=\"article\" \/>\n<meta property=\"og:title\" content=\"Datenschutzerkl\u00e4rung | LeCool\" \/>\n<meta property=\"og:url\" content=\"https:\/\/lecool.ch\/de\/datenschutzerklarung\/\" \/>\n<meta property=\"og:site_name\" content=\"LeCool\" \/>\n<meta property=\"article:publisher\" content=\"https:\/\/www.facebook.com\/lecoolvinfrais\/\" \/>\n<meta property=\"article:modified_time\" content=\"2019-11-21T08:22:08+00:00\" \/>\n<meta name=\"twitter:card\" content=\"summary_large_image\" \/>\n<meta name=\"twitter:label1\" content=\"Gesch\u00e4tzte Lesezeit\" \/>\n\t<meta name=\"twitter:data1\" content=\"5\u00a0Minuten\" \/>\n<script type=\"application\/ld+json\" class=\"yoast-schema-graph\">{\"@context\":\"https:\\\/\\\/schema.org\",\"@graph\":[{\"@type\":\"WebPage\",\"@id\":\"https:\\\/\\\/lecool.ch\\\/de\\\/datenschutzerklarung\\\/\",\"url\":\"https:\\\/\\\/lecool.ch\\\/de\\\/datenschutzerklarung\\\/\",\"name\":\"Datenschutzerkl\u00e4rung | LeCool\",\"isPartOf\":{\"@id\":\"https:\\\/\\\/lecool.ch\\\/de\\\/#website\"},\"datePublished\":\"2019-07-28T09:24:59+00:00\",\"dateModified\":\"2019-11-21T08:22:08+00:00\",\"breadcrumb\":{\"@id\":\"https:\\\/\\\/lecool.ch\\\/de\\\/datenschutzerklarung\\\/#breadcrumb\"},\"inLanguage\":\"de\",\"potentialAction\":[{\"@type\":\"ReadAction\",\"target\":[\"https:\\\/\\\/lecool.ch\\\/de\\\/datenschutzerklarung\\\/\"]}]},{\"@type\":\"BreadcrumbList\",\"@id\":\"https:\\\/\\\/lecool.ch\\\/de\\\/datenschutzerklarung\\\/#breadcrumb\",\"itemListElement\":[{\"@type\":\"ListItem\",\"position\":1,\"name\":\"Home\",\"item\":\"https:\\\/\\\/lecool.ch\\\/de\\\/home\\\/\"},{\"@type\":\"ListItem\",\"position\":2,\"name\":\"Datenschutzerkl\u00e4rung\"}]},{\"@type\":\"WebSite\",\"@id\":\"https:\\\/\\\/lecool.ch\\\/de\\\/#website\",\"url\":\"https:\\\/\\\/lecool.ch\\\/de\\\/\",\"name\":\"LeCool\",\"description\":\"Warmer Wein, das lass sein!\",\"publisher\":{\"@id\":\"https:\\\/\\\/lecool.ch\\\/de\\\/#organization\"},\"potentialAction\":[{\"@type\":\"SearchAction\",\"target\":{\"@type\":\"EntryPoint\",\"urlTemplate\":\"https:\\\/\\\/lecool.ch\\\/de\\\/?s={search_term_string}\"},\"query-input\":{\"@type\":\"PropertyValueSpecification\",\"valueRequired\":true,\"valueName\":\"search_term_string\"}}],\"inLanguage\":\"de\"},{\"@type\":\"Organization\",\"@id\":\"https:\\\/\\\/lecool.ch\\\/de\\\/#organization\",\"name\":\"LeCool Weink\u00fchlstab\",\"url\":\"https:\\\/\\\/lecool.ch\\\/de\\\/\",\"logo\":{\"@type\":\"ImageObject\",\"inLanguage\":\"de\",\"@id\":\"https:\\\/\\\/lecool.ch\\\/de\\\/#\\\/schema\\\/logo\\\/image\\\/\",\"url\":\"https:\\\/\\\/lecool.ch\\\/wp-content\\\/uploads\\\/2020\\\/01\\\/Untitled.png\",\"contentUrl\":\"https:\\\/\\\/lecool.ch\\\/wp-content\\\/uploads\\\/2020\\\/01\\\/Untitled.png\",\"width\":689,\"height\":258,\"caption\":\"LeCool Weink\u00fchlstab\"},\"image\":{\"@id\":\"https:\\\/\\\/lecool.ch\\\/de\\\/#\\\/schema\\\/logo\\\/image\\\/\"},\"sameAs\":[\"https:\\\/\\\/www.facebook.com\\\/lecoolvinfrais\\\/\"]}]}<\/script>\n<!-- \/ Yoast SEO plugin. -->","yoast_head_json":{"title":"Datenschutzerkl\u00e4rung | LeCool","robots":{"index":"index","follow":"follow","max-snippet":"max-snippet:-1","max-image-preview":"max-image-preview:large","max-video-preview":"max-video-preview:-1"},"canonical":"https:\/\/lecool.ch\/de\/datenschutzerklarung\/","og_locale":"de_DE","og_type":"article","og_title":"Datenschutzerkl\u00e4rung | LeCool","og_url":"https:\/\/lecool.ch\/de\/datenschutzerklarung\/","og_site_name":"LeCool","article_publisher":"https:\/\/www.facebook.com\/lecoolvinfrais\/","article_modified_time":"2019-11-21T08:22:08+00:00","twitter_card":"summary_large_image","twitter_misc":{"Gesch\u00e4tzte Lesezeit":"5\u00a0Minuten"},"schema":{"@context":"https:\/\/schema.org","@graph":[{"@type":"WebPage","@id":"https:\/\/lecool.ch\/de\/datenschutzerklarung\/","url":"https:\/\/lecool.ch\/de\/datenschutzerklarung\/","name":"Datenschutzerkl\u00e4rung | LeCool","isPartOf":{"@id":"https:\/\/lecool.ch\/de\/#website"},"datePublished":"2019-07-28T09:24:59+00:00","dateModified":"2019-11-21T08:22:08+00:00","breadcrumb":{"@id":"https:\/\/lecool.ch\/de\/datenschutzerklarung\/#breadcrumb"},"inLanguage":"de","potentialAction":[{"@type":"ReadAction","target":["https:\/\/lecool.ch\/de\/datenschutzerklarung\/"]}]},{"@type":"BreadcrumbList","@id":"https:\/\/lecool.ch\/de\/datenschutzerklarung\/#breadcrumb","itemListElement":[{"@type":"ListItem","position":1,"name":"Home","item":"https:\/\/lecool.ch\/de\/home\/"},{"@type":"ListItem","position":2,"name":"Datenschutzerkl\u00e4rung"}]},{"@type":"WebSite","@id":"https:\/\/lecool.ch\/de\/#website","url":"https:\/\/lecool.ch\/de\/","name":"LeCool","description":"Warmer Wein, das lass sein!","publisher":{"@id":"https:\/\/lecool.ch\/de\/#organization"},"potentialAction":[{"@type":"SearchAction","target":{"@type":"EntryPoint","urlTemplate":"https:\/\/lecool.ch\/de\/?s={search_term_string}"},"query-input":{"@type":"PropertyValueSpecification","valueRequired":true,"valueName":"search_term_string"}}],"inLanguage":"de"},{"@type":"Organization","@id":"https:\/\/lecool.ch\/de\/#organization","name":"LeCool Weink\u00fchlstab","url":"https:\/\/lecool.ch\/de\/","logo":{"@type":"ImageObject","inLanguage":"de","@id":"https:\/\/lecool.ch\/de\/#\/schema\/logo\/image\/","url":"https:\/\/lecool.ch\/wp-content\/uploads\/2020\/01\/Untitled.png","contentUrl":"https:\/\/lecool.ch\/wp-content\/uploads\/2020\/01\/Untitled.png","width":689,"height":258,"caption":"LeCool Weink\u00fchlstab"},"image":{"@id":"https:\/\/lecool.ch\/de\/#\/schema\/logo\/image\/"},"sameAs":["https:\/\/www.facebook.com\/lecoolvinfrais\/"]}]}},"_links":{"self":[{"href":"https:\/\/lecool.ch\/de\/wp-json\/wp\/v2\/pages\/66","targetHints":{"allow":["GET"]}}],"collection":[{"href":"https:\/\/lecool.ch\/de\/wp-json\/wp\/v2\/pages"}],"about":[{"href":"https:\/\/lecool.ch\/de\/wp-json\/wp\/v2\/types\/page"}],"author":[{"embeddable":true,"href":"https:\/\/lecool.ch\/de\/wp-json\/wp\/v2\/users\/3"}],"replies":[{"embeddable":true,"href":"https:\/\/lecool.ch\/de\/wp-json\/wp\/v2\/comments?post=66"}],"version-history":[{"count":8,"href":"https:\/\/lecool.ch\/de\/wp-json\/wp\/v2\/pages\/66\/revisions"}],"predecessor-version":[{"id":6594,"href":"https:\/\/lecool.ch\/de\/wp-json\/wp\/v2\/pages\/66\/revisions\/6594"}],"wp:attachment":[{"href":"https:\/\/lecool.ch\/de\/wp-json\/wp\/v2\/media?parent=66"}],"curies":[{"name":"wp","href":"https:\/\/api.w.org\/{rel}","templated":true}]}}