{"id":3368,"date":"2020-03-16T12:18:31","date_gmt":"2020-03-16T11:18:31","guid":{"rendered":"https:\/\/lecool.ch\/?post_type=product&#038;p=3368"},"modified":"2024-07-04T10:53:11","modified_gmt":"2024-07-04T08:53:11","slug":"weinkuehlstab-single","status":"publish","type":"product","link":"https:\/\/lecool.ch\/de\/produkt\/weinkuehlstab-single\/","title":{"rendered":"Weink\u00fchlstab &#8222;single&#8220; ohne Ausgiesser. F\u00fcr die zweite Flasche!&#8230;oder die Wasserflasche"},"content":{"rendered":"<p>Man trinkt ja oft eine zweite Flasche&#8230;.und dann?<br \/>\nEinfach den 2. Stab aus dem Tiefk\u00fchler nehmen und anwenden!<\/p>\n","protected":false},"excerpt":{"rendered":"<p>Der LeCool Weink\u00fchlstab &#8222;single&#8220; ist die ideale Erg\u00e4nzung zum Weink\u00fchlstab mit Ausgiesser. Ersetzt den Weink\u00fchlstab der schon in der Flasche gewirkt hat: 1 Ausgiesser, 2 St\u00e4be! Perfekt f\u00fcr die zweite Flasche. Ode auch f\u00fcr die Wasserflasche &#8222;on the Go&#8220;! Jetzt bestellen: https:\/\/lecool.ch\/de\/product\/weinkuehlstab\/<\/p>\n","protected":false},"featured_media":3369,"template":"","meta":[],"product_brand":[],"product_cat":[38],"product_tag":[48,49,47],"class_list":{"0":"post-3368","1":"product","2":"type-product","3":"status-publish","4":"has-post-thumbnail","6":"product_cat-weinkuehlstab","7":"product_tag-kuehlstab-single","8":"product_tag-lecool-single","9":"product_tag-weinkuehlstab-alleine","11":"first","12":"instock","13":"shipping-taxable","14":"purchasable","15":"product-type-simple"},"yoast_head":"<!-- This site is optimized with the Yoast SEO plugin v27.3 - https:\/\/yoast.com\/product\/yoast-seo-wordpress\/ -->\n<title>Weink\u00fchlstab &quot;single&quot; ohne Ausgiesser. F\u00fcr die zweite Flasche!...oder die Wasserflasche | LeCool<\/title>\n<meta name=\"description\" content=\"Weink\u00fchlstab OHNE Ausgiesser &quot;single&quot;. Die perfekte Erg\u00e4nzung zum LeCool Weink\u00fchlstab mit Ausgiesser. www.lecool.ch\" \/>\n<meta name=\"robots\" content=\"index, follow, max-snippet:-1, max-image-preview:large, max-video-preview:-1\" \/>\n<link rel=\"canonical\" href=\"https:\/\/lecool.ch\/de\/produkt\/weinkuehlstab-single\/\" \/>\n<meta property=\"og:locale\" content=\"de_DE\" \/>\n<meta property=\"og:type\" content=\"article\" \/>\n<meta property=\"og:title\" content=\"Weink\u00fchlstab &quot;single&quot; ohne Ausgiesser. F\u00fcr die zweite Flasche!...oder die Wasserflasche | LeCool\" \/>\n<meta property=\"og:description\" content=\"Weink\u00fchlstab OHNE Ausgiesser &quot;single&quot;. Die perfekte Erg\u00e4nzung zum LeCool Weink\u00fchlstab mit Ausgiesser. www.lecool.ch\" \/>\n<meta property=\"og:url\" content=\"https:\/\/lecool.ch\/de\/produkt\/weinkuehlstab-single\/\" \/>\n<meta property=\"og:site_name\" content=\"LeCool\" \/>\n<meta property=\"article:publisher\" content=\"https:\/\/www.facebook.com\/lecoolvinfrais\/\" \/>\n<meta property=\"article:modified_time\" content=\"2024-07-04T08:53:11+00:00\" \/>\n<meta property=\"og:image\" content=\"https:\/\/lecool.ch\/wp-content\/uploads\/2020\/03\/baton-seul.jpg\" \/>\n\t<meta property=\"og:image:width\" content=\"366\" \/>\n\t<meta property=\"og:image:height\" content=\"428\" \/>\n\t<meta property=\"og:image:type\" content=\"image\/jpeg\" \/>\n<meta name=\"twitter:card\" content=\"summary_large_image\" \/>\n<meta name=\"twitter:label1\" content=\"Gesch\u00e4tzte Lesezeit\" \/>\n\t<meta name=\"twitter:data1\" content=\"1\u00a0Minute\" \/>\n<script type=\"application\/ld+json\" class=\"yoast-schema-graph\">{\"@context\":\"https:\\\/\\\/schema.org\",\"@graph\":[{\"@type\":\"WebPage\",\"@id\":\"https:\\\/\\\/lecool.ch\\\/de\\\/produkt\\\/weinkuehlstab-single\\\/\",\"url\":\"https:\\\/\\\/lecool.ch\\\/de\\\/produkt\\\/weinkuehlstab-single\\\/\",\"name\":\"Weink\u00fchlstab \\\"single\\\" ohne Ausgiesser. F\u00fcr die zweite Flasche!...oder die Wasserflasche | LeCool\",\"isPartOf\":{\"@id\":\"https:\\\/\\\/lecool.ch\\\/de\\\/#website\"},\"primaryImageOfPage\":{\"@id\":\"https:\\\/\\\/lecool.ch\\\/de\\\/produkt\\\/weinkuehlstab-single\\\/#primaryimage\"},\"image\":{\"@id\":\"https:\\\/\\\/lecool.ch\\\/de\\\/produkt\\\/weinkuehlstab-single\\\/#primaryimage\"},\"thumbnailUrl\":\"https:\\\/\\\/lecool.ch\\\/wp-content\\\/uploads\\\/2020\\\/03\\\/baton-seul.jpg\",\"datePublished\":\"2020-03-16T11:18:31+00:00\",\"dateModified\":\"2024-07-04T08:53:11+00:00\",\"description\":\"Weink\u00fchlstab OHNE Ausgiesser \\\"single\\\". Die perfekte Erg\u00e4nzung zum LeCool Weink\u00fchlstab mit Ausgiesser. www.lecool.ch\",\"breadcrumb\":{\"@id\":\"https:\\\/\\\/lecool.ch\\\/de\\\/produkt\\\/weinkuehlstab-single\\\/#breadcrumb\"},\"inLanguage\":\"de\",\"potentialAction\":[{\"@type\":\"ReadAction\",\"target\":[\"https:\\\/\\\/lecool.ch\\\/de\\\/produkt\\\/weinkuehlstab-single\\\/\"]}]},{\"@type\":\"ImageObject\",\"inLanguage\":\"de\",\"@id\":\"https:\\\/\\\/lecool.ch\\\/de\\\/produkt\\\/weinkuehlstab-single\\\/#primaryimage\",\"url\":\"https:\\\/\\\/lecool.ch\\\/wp-content\\\/uploads\\\/2020\\\/03\\\/baton-seul.jpg\",\"contentUrl\":\"https:\\\/\\\/lecool.ch\\\/wp-content\\\/uploads\\\/2020\\\/03\\\/baton-seul.jpg\",\"width\":366,\"height\":428,\"caption\":\"K\u00fchlstab single\"},{\"@type\":\"BreadcrumbList\",\"@id\":\"https:\\\/\\\/lecool.ch\\\/de\\\/produkt\\\/weinkuehlstab-single\\\/#breadcrumb\",\"itemListElement\":[{\"@type\":\"ListItem\",\"position\":1,\"name\":\"Home\",\"item\":\"https:\\\/\\\/lecool.ch\\\/de\\\/home\\\/\"},{\"@type\":\"ListItem\",\"position\":2,\"name\":\"Shop\",\"item\":\"https:\\\/\\\/lecool.ch\\\/de\\\/shop\\\/\"},{\"@type\":\"ListItem\",\"position\":3,\"name\":\"Weink\u00fchlstab &#8220;single&#8221; ohne Ausgiesser. F\u00fcr die zweite Flasche!&#8230;oder die Wasserflasche\"}]},{\"@type\":\"WebSite\",\"@id\":\"https:\\\/\\\/lecool.ch\\\/de\\\/#website\",\"url\":\"https:\\\/\\\/lecool.ch\\\/de\\\/\",\"name\":\"LeCool\",\"description\":\"Warmer Wein, das lass sein!\",\"publisher\":{\"@id\":\"https:\\\/\\\/lecool.ch\\\/de\\\/#organization\"},\"potentialAction\":[{\"@type\":\"SearchAction\",\"target\":{\"@type\":\"EntryPoint\",\"urlTemplate\":\"https:\\\/\\\/lecool.ch\\\/de\\\/?s={search_term_string}\"},\"query-input\":{\"@type\":\"PropertyValueSpecification\",\"valueRequired\":true,\"valueName\":\"search_term_string\"}}],\"inLanguage\":\"de\"},{\"@type\":\"Organization\",\"@id\":\"https:\\\/\\\/lecool.ch\\\/de\\\/#organization\",\"name\":\"LeCool Weink\u00fchlstab\",\"url\":\"https:\\\/\\\/lecool.ch\\\/de\\\/\",\"logo\":{\"@type\":\"ImageObject\",\"inLanguage\":\"de\",\"@id\":\"https:\\\/\\\/lecool.ch\\\/de\\\/#\\\/schema\\\/logo\\\/image\\\/\",\"url\":\"https:\\\/\\\/lecool.ch\\\/wp-content\\\/uploads\\\/2020\\\/01\\\/Untitled.png\",\"contentUrl\":\"https:\\\/\\\/lecool.ch\\\/wp-content\\\/uploads\\\/2020\\\/01\\\/Untitled.png\",\"width\":689,\"height\":258,\"caption\":\"LeCool Weink\u00fchlstab\"},\"image\":{\"@id\":\"https:\\\/\\\/lecool.ch\\\/de\\\/#\\\/schema\\\/logo\\\/image\\\/\"},\"sameAs\":[\"https:\\\/\\\/www.facebook.com\\\/lecoolvinfrais\\\/\"]}]}<\/script>\n<!-- \/ Yoast SEO plugin. -->","yoast_head_json":{"title":"Weink\u00fchlstab \"single\" ohne Ausgiesser. F\u00fcr die zweite Flasche!...oder die Wasserflasche | LeCool","description":"Weink\u00fchlstab OHNE Ausgiesser \"single\". Die perfekte Erg\u00e4nzung zum LeCool Weink\u00fchlstab mit Ausgiesser. www.lecool.ch","robots":{"index":"index","follow":"follow","max-snippet":"max-snippet:-1","max-image-preview":"max-image-preview:large","max-video-preview":"max-video-preview:-1"},"canonical":"https:\/\/lecool.ch\/de\/produkt\/weinkuehlstab-single\/","og_locale":"de_DE","og_type":"article","og_title":"Weink\u00fchlstab \"single\" ohne Ausgiesser. F\u00fcr die zweite Flasche!...oder die Wasserflasche | LeCool","og_description":"Weink\u00fchlstab OHNE Ausgiesser \"single\". Die perfekte Erg\u00e4nzung zum LeCool Weink\u00fchlstab mit Ausgiesser. www.lecool.ch","og_url":"https:\/\/lecool.ch\/de\/produkt\/weinkuehlstab-single\/","og_site_name":"LeCool","article_publisher":"https:\/\/www.facebook.com\/lecoolvinfrais\/","article_modified_time":"2024-07-04T08:53:11+00:00","og_image":[{"width":366,"height":428,"url":"https:\/\/lecool.ch\/wp-content\/uploads\/2020\/03\/baton-seul.jpg","type":"image\/jpeg"}],"twitter_card":"summary_large_image","twitter_misc":{"Gesch\u00e4tzte Lesezeit":"1\u00a0Minute"},"schema":{"@context":"https:\/\/schema.org","@graph":[{"@type":"WebPage","@id":"https:\/\/lecool.ch\/de\/produkt\/weinkuehlstab-single\/","url":"https:\/\/lecool.ch\/de\/produkt\/weinkuehlstab-single\/","name":"Weink\u00fchlstab \"single\" ohne Ausgiesser. F\u00fcr die zweite Flasche!...oder die Wasserflasche | LeCool","isPartOf":{"@id":"https:\/\/lecool.ch\/de\/#website"},"primaryImageOfPage":{"@id":"https:\/\/lecool.ch\/de\/produkt\/weinkuehlstab-single\/#primaryimage"},"image":{"@id":"https:\/\/lecool.ch\/de\/produkt\/weinkuehlstab-single\/#primaryimage"},"thumbnailUrl":"https:\/\/lecool.ch\/wp-content\/uploads\/2020\/03\/baton-seul.jpg","datePublished":"2020-03-16T11:18:31+00:00","dateModified":"2024-07-04T08:53:11+00:00","description":"Weink\u00fchlstab OHNE Ausgiesser \"single\". Die perfekte Erg\u00e4nzung zum LeCool Weink\u00fchlstab mit Ausgiesser. www.lecool.ch","breadcrumb":{"@id":"https:\/\/lecool.ch\/de\/produkt\/weinkuehlstab-single\/#breadcrumb"},"inLanguage":"de","potentialAction":[{"@type":"ReadAction","target":["https:\/\/lecool.ch\/de\/produkt\/weinkuehlstab-single\/"]}]},{"@type":"ImageObject","inLanguage":"de","@id":"https:\/\/lecool.ch\/de\/produkt\/weinkuehlstab-single\/#primaryimage","url":"https:\/\/lecool.ch\/wp-content\/uploads\/2020\/03\/baton-seul.jpg","contentUrl":"https:\/\/lecool.ch\/wp-content\/uploads\/2020\/03\/baton-seul.jpg","width":366,"height":428,"caption":"K\u00fchlstab single"},{"@type":"BreadcrumbList","@id":"https:\/\/lecool.ch\/de\/produkt\/weinkuehlstab-single\/#breadcrumb","itemListElement":[{"@type":"ListItem","position":1,"name":"Home","item":"https:\/\/lecool.ch\/de\/home\/"},{"@type":"ListItem","position":2,"name":"Shop","item":"https:\/\/lecool.ch\/de\/shop\/"},{"@type":"ListItem","position":3,"name":"Weink\u00fchlstab &#8220;single&#8221; ohne Ausgiesser. F\u00fcr die zweite Flasche!&#8230;oder die Wasserflasche"}]},{"@type":"WebSite","@id":"https:\/\/lecool.ch\/de\/#website","url":"https:\/\/lecool.ch\/de\/","name":"LeCool","description":"Warmer Wein, das lass sein!","publisher":{"@id":"https:\/\/lecool.ch\/de\/#organization"},"potentialAction":[{"@type":"SearchAction","target":{"@type":"EntryPoint","urlTemplate":"https:\/\/lecool.ch\/de\/?s={search_term_string}"},"query-input":{"@type":"PropertyValueSpecification","valueRequired":true,"valueName":"search_term_string"}}],"inLanguage":"de"},{"@type":"Organization","@id":"https:\/\/lecool.ch\/de\/#organization","name":"LeCool Weink\u00fchlstab","url":"https:\/\/lecool.ch\/de\/","logo":{"@type":"ImageObject","inLanguage":"de","@id":"https:\/\/lecool.ch\/de\/#\/schema\/logo\/image\/","url":"https:\/\/lecool.ch\/wp-content\/uploads\/2020\/01\/Untitled.png","contentUrl":"https:\/\/lecool.ch\/wp-content\/uploads\/2020\/01\/Untitled.png","width":689,"height":258,"caption":"LeCool Weink\u00fchlstab"},"image":{"@id":"https:\/\/lecool.ch\/de\/#\/schema\/logo\/image\/"},"sameAs":["https:\/\/www.facebook.com\/lecoolvinfrais\/"]}]}},"_links":{"self":[{"href":"https:\/\/lecool.ch\/de\/wp-json\/wp\/v2\/product\/3368","targetHints":{"allow":["GET"]}}],"collection":[{"href":"https:\/\/lecool.ch\/de\/wp-json\/wp\/v2\/product"}],"about":[{"href":"https:\/\/lecool.ch\/de\/wp-json\/wp\/v2\/types\/product"}],"wp:featuredmedia":[{"embeddable":true,"href":"https:\/\/lecool.ch\/de\/wp-json\/wp\/v2\/media\/3369"}],"wp:attachment":[{"href":"https:\/\/lecool.ch\/de\/wp-json\/wp\/v2\/media?parent=3368"}],"wp:term":[{"taxonomy":"product_brand","embeddable":true,"href":"https:\/\/lecool.ch\/de\/wp-json\/wp\/v2\/product_brand?post=3368"},{"taxonomy":"product_cat","embeddable":true,"href":"https:\/\/lecool.ch\/de\/wp-json\/wp\/v2\/product_cat?post=3368"},{"taxonomy":"product_tag","embeddable":true,"href":"https:\/\/lecool.ch\/de\/wp-json\/wp\/v2\/product_tag?post=3368"}],"curies":[{"name":"wp","href":"https:\/\/api.w.org\/{rel}","templated":true}]}}