{"id":6654,"date":"2020-03-16T12:18:31","date_gmt":"2020-03-16T11:18:31","guid":{"rendered":"https:\/\/lecool.ch\/product\/tige-de-refroidissement-du-vin-single-sans-bec-verseur-pour-la-deuxieme-bouteille\/"},"modified":"2024-07-04T11:00:46","modified_gmt":"2024-07-04T09:00:46","slug":"tige-de-refroidissement-du-vin-single-sans-bec-verseur-pour-la-deuxieme-bouteille","status":"publish","type":"product","link":"https:\/\/lecool.ch\/fr\/produit\/tige-de-refroidissement-du-vin-single-sans-bec-verseur-pour-la-deuxieme-bouteille\/","title":{"rendered":"Tige de refroidissement du vin \u00ab\u00a0single\u00a0\u00bb sans bec verseur. Pour la deuxi\u00e8me bouteille !"},"content":{"rendered":"<p>Vous utilisez souvent une deuxi\u00e8me bouteille?<br \/>\nIl suffit de sortir le 2e b\u00e2tonnet du cong\u00e9lateur et de l&rsquo;utiliser !<\/p>\n","protected":false},"excerpt":{"rendered":"<p>La baguette de refroidissement du vin LeCool \u00ab\u00a0single\u00a0\u00bb est le compl\u00e9ment id\u00e9al de la baguette de refroidissement du vin avec bec verseur. Il remplace le b\u00e2ton de refroidissement du vin qui a d\u00e9j\u00e0 agi dans la bouteille : 1 bec verseur, 2 b\u00e2tons ! Parfait pour la deuxi\u00e8me bouteille et pour la bouteille d&rsquo;eau \u00ab\u00a0on the go\u00a0\u00bb !<\/p>\n","protected":false},"featured_media":3371,"template":"","meta":[],"product_brand":[],"product_cat":[79],"product_tag":[],"class_list":{"0":"post-6654","1":"product","2":"type-product","3":"status-publish","4":"has-post-thumbnail","6":"product_cat-baton-refroidisseur-fr","8":"first","9":"instock","10":"shipping-taxable","11":"purchasable","12":"product-type-simple"},"yoast_head":"<!-- This site is optimized with the Yoast SEO plugin v27.4 - https:\/\/yoast.com\/product\/yoast-seo-wordpress\/ -->\n<title>Tige de refroidissement du vin &quot;single&quot; sans bec verseur. Pour la deuxi\u00e8me bouteille ! | LeCool<\/title>\n<meta name=\"robots\" content=\"index, follow, max-snippet:-1, max-image-preview:large, max-video-preview:-1\" \/>\n<link rel=\"canonical\" href=\"https:\/\/lecool.ch\/fr\/produit\/tige-de-refroidissement-du-vin-single-sans-bec-verseur-pour-la-deuxieme-bouteille\/\" \/>\n<meta property=\"og:locale\" content=\"fr_FR\" \/>\n<meta property=\"og:type\" content=\"article\" \/>\n<meta property=\"og:title\" content=\"Tige de refroidissement du vin &quot;single&quot; sans bec verseur. Pour la deuxi\u00e8me bouteille ! | LeCool\" \/>\n<meta property=\"og:description\" content=\"La baguette de refroidissement du vin LeCool &quot;single&quot; est le compl\u00e9ment id\u00e9al de la baguette de refroidissement du vin avec bec verseur. Il remplace le b\u00e2ton de refroidissement du vin qui a d\u00e9j\u00e0 agi dans la bouteille : 1 bec verseur, 2 b\u00e2tons ! Parfait pour la deuxi\u00e8me bouteille et pour la bouteille d&#039;eau &quot;on the go&quot; !\" \/>\n<meta property=\"og:url\" content=\"https:\/\/lecool.ch\/fr\/produit\/tige-de-refroidissement-du-vin-single-sans-bec-verseur-pour-la-deuxieme-bouteille\/\" \/>\n<meta property=\"og:site_name\" content=\"LeCool\" \/>\n<meta property=\"article:publisher\" content=\"https:\/\/www.facebook.com\/lecoolvinfrais\/\" \/>\n<meta property=\"article:modified_time\" content=\"2024-07-04T09:00:46+00:00\" \/>\n<meta property=\"og:image\" content=\"https:\/\/lecool.ch\/wp-content\/uploads\/2020\/03\/baton-seul.jpg\" \/>\n\t<meta property=\"og:image:width\" content=\"366\" \/>\n\t<meta property=\"og:image:height\" content=\"428\" \/>\n\t<meta property=\"og:image:type\" content=\"image\/jpeg\" \/>\n<meta name=\"twitter:card\" content=\"summary_large_image\" \/>\n<script type=\"application\/ld+json\" class=\"yoast-schema-graph\">{\"@context\":\"https:\\\/\\\/schema.org\",\"@graph\":[{\"@type\":\"WebPage\",\"@id\":\"https:\\\/\\\/lecool.ch\\\/fr\\\/produit\\\/tige-de-refroidissement-du-vin-single-sans-bec-verseur-pour-la-deuxieme-bouteille\\\/\",\"url\":\"https:\\\/\\\/lecool.ch\\\/fr\\\/produit\\\/tige-de-refroidissement-du-vin-single-sans-bec-verseur-pour-la-deuxieme-bouteille\\\/\",\"name\":\"Tige de refroidissement du vin \\\"single\\\" sans bec verseur. Pour la deuxi\u00e8me bouteille ! | LeCool\",\"isPartOf\":{\"@id\":\"https:\\\/\\\/lecool.ch\\\/fr\\\/#website\"},\"primaryImageOfPage\":{\"@id\":\"https:\\\/\\\/lecool.ch\\\/fr\\\/produit\\\/tige-de-refroidissement-du-vin-single-sans-bec-verseur-pour-la-deuxieme-bouteille\\\/#primaryimage\"},\"image\":{\"@id\":\"https:\\\/\\\/lecool.ch\\\/fr\\\/produit\\\/tige-de-refroidissement-du-vin-single-sans-bec-verseur-pour-la-deuxieme-bouteille\\\/#primaryimage\"},\"thumbnailUrl\":\"https:\\\/\\\/lecool.ch\\\/wp-content\\\/uploads\\\/2020\\\/03\\\/baton-seul.jpg\",\"datePublished\":\"2020-03-16T11:18:31+00:00\",\"dateModified\":\"2024-07-04T09:00:46+00:00\",\"breadcrumb\":{\"@id\":\"https:\\\/\\\/lecool.ch\\\/fr\\\/produit\\\/tige-de-refroidissement-du-vin-single-sans-bec-verseur-pour-la-deuxieme-bouteille\\\/#breadcrumb\"},\"inLanguage\":\"fr-FR\",\"potentialAction\":[{\"@type\":\"ReadAction\",\"target\":[\"https:\\\/\\\/lecool.ch\\\/fr\\\/produit\\\/tige-de-refroidissement-du-vin-single-sans-bec-verseur-pour-la-deuxieme-bouteille\\\/\"]}]},{\"@type\":\"ImageObject\",\"inLanguage\":\"fr-FR\",\"@id\":\"https:\\\/\\\/lecool.ch\\\/fr\\\/produit\\\/tige-de-refroidissement-du-vin-single-sans-bec-verseur-pour-la-deuxieme-bouteille\\\/#primaryimage\",\"url\":\"https:\\\/\\\/lecool.ch\\\/wp-content\\\/uploads\\\/2020\\\/03\\\/baton-seul.jpg\",\"contentUrl\":\"https:\\\/\\\/lecool.ch\\\/wp-content\\\/uploads\\\/2020\\\/03\\\/baton-seul.jpg\",\"width\":366,\"height\":428,\"caption\":\"B\u00e2ton SANS bec verseur\"},{\"@type\":\"BreadcrumbList\",\"@id\":\"https:\\\/\\\/lecool.ch\\\/fr\\\/produit\\\/tige-de-refroidissement-du-vin-single-sans-bec-verseur-pour-la-deuxieme-bouteille\\\/#breadcrumb\",\"itemListElement\":[{\"@type\":\"ListItem\",\"position\":1,\"name\":\"Home\",\"item\":\"https:\\\/\\\/lecool.ch\\\/fr\\\/home\\\/\"},{\"@type\":\"ListItem\",\"position\":2,\"name\":\"Boutique\",\"item\":\"https:\\\/\\\/lecool.ch\\\/fr\\\/boutique\\\/\"},{\"@type\":\"ListItem\",\"position\":3,\"name\":\"Tige de refroidissement du vin &#8220;single&#8221; sans bec verseur. Pour la deuxi\u00e8me bouteille !\"}]},{\"@type\":\"WebSite\",\"@id\":\"https:\\\/\\\/lecool.ch\\\/fr\\\/#website\",\"url\":\"https:\\\/\\\/lecool.ch\\\/fr\\\/\",\"name\":\"LeCool\",\"description\":\"Warmer Wein, das lass sein!\",\"publisher\":{\"@id\":\"https:\\\/\\\/lecool.ch\\\/fr\\\/#organization\"},\"potentialAction\":[{\"@type\":\"SearchAction\",\"target\":{\"@type\":\"EntryPoint\",\"urlTemplate\":\"https:\\\/\\\/lecool.ch\\\/fr\\\/?s={search_term_string}\"},\"query-input\":{\"@type\":\"PropertyValueSpecification\",\"valueRequired\":true,\"valueName\":\"search_term_string\"}}],\"inLanguage\":\"fr-FR\"},{\"@type\":\"Organization\",\"@id\":\"https:\\\/\\\/lecool.ch\\\/fr\\\/#organization\",\"name\":\"LeCool Weink\u00fchlstab\",\"url\":\"https:\\\/\\\/lecool.ch\\\/fr\\\/\",\"logo\":{\"@type\":\"ImageObject\",\"inLanguage\":\"fr-FR\",\"@id\":\"https:\\\/\\\/lecool.ch\\\/fr\\\/#\\\/schema\\\/logo\\\/image\\\/\",\"url\":\"https:\\\/\\\/lecool.ch\\\/wp-content\\\/uploads\\\/2020\\\/01\\\/Untitled.png\",\"contentUrl\":\"https:\\\/\\\/lecool.ch\\\/wp-content\\\/uploads\\\/2020\\\/01\\\/Untitled.png\",\"width\":689,\"height\":258,\"caption\":\"LeCool Weink\u00fchlstab\"},\"image\":{\"@id\":\"https:\\\/\\\/lecool.ch\\\/fr\\\/#\\\/schema\\\/logo\\\/image\\\/\"},\"sameAs\":[\"https:\\\/\\\/www.facebook.com\\\/lecoolvinfrais\\\/\"]}]}<\/script>\n<!-- \/ Yoast SEO plugin. -->","yoast_head_json":{"title":"Tige de refroidissement du vin \"single\" sans bec verseur. Pour la deuxi\u00e8me bouteille ! | LeCool","robots":{"index":"index","follow":"follow","max-snippet":"max-snippet:-1","max-image-preview":"max-image-preview:large","max-video-preview":"max-video-preview:-1"},"canonical":"https:\/\/lecool.ch\/fr\/produit\/tige-de-refroidissement-du-vin-single-sans-bec-verseur-pour-la-deuxieme-bouteille\/","og_locale":"fr_FR","og_type":"article","og_title":"Tige de refroidissement du vin \"single\" sans bec verseur. Pour la deuxi\u00e8me bouteille ! | LeCool","og_description":"La baguette de refroidissement du vin LeCool \"single\" est le compl\u00e9ment id\u00e9al de la baguette de refroidissement du vin avec bec verseur. Il remplace le b\u00e2ton de refroidissement du vin qui a d\u00e9j\u00e0 agi dans la bouteille : 1 bec verseur, 2 b\u00e2tons ! Parfait pour la deuxi\u00e8me bouteille et pour la bouteille d'eau \"on the go\" !","og_url":"https:\/\/lecool.ch\/fr\/produit\/tige-de-refroidissement-du-vin-single-sans-bec-verseur-pour-la-deuxieme-bouteille\/","og_site_name":"LeCool","article_publisher":"https:\/\/www.facebook.com\/lecoolvinfrais\/","article_modified_time":"2024-07-04T09:00:46+00:00","og_image":[{"width":366,"height":428,"url":"https:\/\/lecool.ch\/wp-content\/uploads\/2020\/03\/baton-seul.jpg","type":"image\/jpeg"}],"twitter_card":"summary_large_image","schema":{"@context":"https:\/\/schema.org","@graph":[{"@type":"WebPage","@id":"https:\/\/lecool.ch\/fr\/produit\/tige-de-refroidissement-du-vin-single-sans-bec-verseur-pour-la-deuxieme-bouteille\/","url":"https:\/\/lecool.ch\/fr\/produit\/tige-de-refroidissement-du-vin-single-sans-bec-verseur-pour-la-deuxieme-bouteille\/","name":"Tige de refroidissement du vin \"single\" sans bec verseur. Pour la deuxi\u00e8me bouteille ! | LeCool","isPartOf":{"@id":"https:\/\/lecool.ch\/fr\/#website"},"primaryImageOfPage":{"@id":"https:\/\/lecool.ch\/fr\/produit\/tige-de-refroidissement-du-vin-single-sans-bec-verseur-pour-la-deuxieme-bouteille\/#primaryimage"},"image":{"@id":"https:\/\/lecool.ch\/fr\/produit\/tige-de-refroidissement-du-vin-single-sans-bec-verseur-pour-la-deuxieme-bouteille\/#primaryimage"},"thumbnailUrl":"https:\/\/lecool.ch\/wp-content\/uploads\/2020\/03\/baton-seul.jpg","datePublished":"2020-03-16T11:18:31+00:00","dateModified":"2024-07-04T09:00:46+00:00","breadcrumb":{"@id":"https:\/\/lecool.ch\/fr\/produit\/tige-de-refroidissement-du-vin-single-sans-bec-verseur-pour-la-deuxieme-bouteille\/#breadcrumb"},"inLanguage":"fr-FR","potentialAction":[{"@type":"ReadAction","target":["https:\/\/lecool.ch\/fr\/produit\/tige-de-refroidissement-du-vin-single-sans-bec-verseur-pour-la-deuxieme-bouteille\/"]}]},{"@type":"ImageObject","inLanguage":"fr-FR","@id":"https:\/\/lecool.ch\/fr\/produit\/tige-de-refroidissement-du-vin-single-sans-bec-verseur-pour-la-deuxieme-bouteille\/#primaryimage","url":"https:\/\/lecool.ch\/wp-content\/uploads\/2020\/03\/baton-seul.jpg","contentUrl":"https:\/\/lecool.ch\/wp-content\/uploads\/2020\/03\/baton-seul.jpg","width":366,"height":428,"caption":"B\u00e2ton SANS bec verseur"},{"@type":"BreadcrumbList","@id":"https:\/\/lecool.ch\/fr\/produit\/tige-de-refroidissement-du-vin-single-sans-bec-verseur-pour-la-deuxieme-bouteille\/#breadcrumb","itemListElement":[{"@type":"ListItem","position":1,"name":"Home","item":"https:\/\/lecool.ch\/fr\/home\/"},{"@type":"ListItem","position":2,"name":"Boutique","item":"https:\/\/lecool.ch\/fr\/boutique\/"},{"@type":"ListItem","position":3,"name":"Tige de refroidissement du vin &#8220;single&#8221; sans bec verseur. Pour la deuxi\u00e8me bouteille !"}]},{"@type":"WebSite","@id":"https:\/\/lecool.ch\/fr\/#website","url":"https:\/\/lecool.ch\/fr\/","name":"LeCool","description":"Warmer Wein, das lass sein!","publisher":{"@id":"https:\/\/lecool.ch\/fr\/#organization"},"potentialAction":[{"@type":"SearchAction","target":{"@type":"EntryPoint","urlTemplate":"https:\/\/lecool.ch\/fr\/?s={search_term_string}"},"query-input":{"@type":"PropertyValueSpecification","valueRequired":true,"valueName":"search_term_string"}}],"inLanguage":"fr-FR"},{"@type":"Organization","@id":"https:\/\/lecool.ch\/fr\/#organization","name":"LeCool Weink\u00fchlstab","url":"https:\/\/lecool.ch\/fr\/","logo":{"@type":"ImageObject","inLanguage":"fr-FR","@id":"https:\/\/lecool.ch\/fr\/#\/schema\/logo\/image\/","url":"https:\/\/lecool.ch\/wp-content\/uploads\/2020\/01\/Untitled.png","contentUrl":"https:\/\/lecool.ch\/wp-content\/uploads\/2020\/01\/Untitled.png","width":689,"height":258,"caption":"LeCool Weink\u00fchlstab"},"image":{"@id":"https:\/\/lecool.ch\/fr\/#\/schema\/logo\/image\/"},"sameAs":["https:\/\/www.facebook.com\/lecoolvinfrais\/"]}]}},"_links":{"self":[{"href":"https:\/\/lecool.ch\/fr\/wp-json\/wp\/v2\/product\/6654","targetHints":{"allow":["GET"]}}],"collection":[{"href":"https:\/\/lecool.ch\/fr\/wp-json\/wp\/v2\/product"}],"about":[{"href":"https:\/\/lecool.ch\/fr\/wp-json\/wp\/v2\/types\/product"}],"wp:featuredmedia":[{"embeddable":true,"href":"https:\/\/lecool.ch\/fr\/wp-json\/wp\/v2\/media\/3371"}],"wp:attachment":[{"href":"https:\/\/lecool.ch\/fr\/wp-json\/wp\/v2\/media?parent=6654"}],"wp:term":[{"taxonomy":"product_brand","embeddable":true,"href":"https:\/\/lecool.ch\/fr\/wp-json\/wp\/v2\/product_brand?post=6654"},{"taxonomy":"product_cat","embeddable":true,"href":"https:\/\/lecool.ch\/fr\/wp-json\/wp\/v2\/product_cat?post=6654"},{"taxonomy":"product_tag","embeddable":true,"href":"https:\/\/lecool.ch\/fr\/wp-json\/wp\/v2\/product_tag?post=6654"}],"curies":[{"name":"wp","href":"https:\/\/api.w.org\/{rel}","templated":true}]}}