{"id":915,"date":"2019-11-13T08:47:03","date_gmt":"2019-11-13T07:47:03","guid":{"rendered":"https:\/\/lecool.ch\/?page_id=915"},"modified":"2019-11-13T08:47:03","modified_gmt":"2019-11-13T07:47:03","slug":"impressum","status":"publish","type":"page","link":"https:\/\/lecool.ch\/it\/impressum\/","title":{"rendered":"Impressum"},"content":{"rendered":"<div id='av_section_1'  class='avia-section av-k18sjitd-f4be19a1cd5840a5d7cab26d190c64f8 main_color avia-section-huge avia-no-border-styling  avia-builder-el-0  avia-builder-el-no-sibling  avia-bg-style-scroll av-minimum-height av-minimum-height-75 av-height-75  container_wrap fullsize'   data-av_minimum_height_pc='75' data-av_min_height_opt='75'><div class='container av-section-cont-open' ><main  role=\"main\" itemprop=\"mainContentOfPage\"  class='template-page content  av-content-full alpha units'><div class='post-entry post-entry-type-page post-entry-915'><div class='entry-content-wrapper clearfix'>\n\n<style type=\"text\/css\" data-created_by=\"avia_inline_auto\" id=\"style-css-av-10y3w-e7050bbdd1e1f6e29cabc28066170a3c\">\n.flex_column.av-10y3w-e7050bbdd1e1f6e29cabc28066170a3c{\nborder-radius:0px 0px 0px 0px;\npadding:0px 0px 0px 0px;\n}\n<\/style>\n<div  class='flex_column av-10y3w-e7050bbdd1e1f6e29cabc28066170a3c av_one_full  avia-builder-el-1  avia-builder-el-no-sibling  first flex_column_div av-zero-column-padding  '     ><p>\n<style type=\"text\/css\" data-created_by=\"avia_inline_auto\" id=\"style-css-av-av_heading-b9370692f823f73c751870077481e11f\">\n#top .av-special-heading.av-av_heading-b9370692f823f73c751870077481e11f{\npadding-bottom:10px;\nfont-size:45px;\n}\nbody .av-special-heading.av-av_heading-b9370692f823f73c751870077481e11f .av-special-heading-tag .heading-char{\nfont-size:25px;\n}\n#top #wrap_all .av-special-heading.av-av_heading-b9370692f823f73c751870077481e11f .av-special-heading-tag{\nfont-size:45px;\n}\n.av-special-heading.av-av_heading-b9370692f823f73c751870077481e11f .av-subheading{\nfont-size:15px;\n}\n\n@media only screen and (min-width: 480px) and (max-width: 767px){ \n#top #wrap_all .av-special-heading.av-av_heading-b9370692f823f73c751870077481e11f .av-special-heading-tag{\nfont-size:0.8em;\n}\n}\n\n@media only screen and (max-width: 479px){ \n#top #wrap_all .av-special-heading.av-av_heading-b9370692f823f73c751870077481e11f .av-special-heading-tag{\nfont-size:0.8em;\n}\n}\n<\/style>\n<div  class='av-special-heading av-av_heading-b9370692f823f73c751870077481e11f av-special-heading-h1 blockquote modern-quote  avia-builder-el-2  el_before_av_hr  avia-builder-el-first  av-inherit-size'><h1 class='av-special-heading-tag '  itemprop=\"headline\"  >Impressum<\/h1><div class=\"special-heading-border\"><div class=\"special-heading-inner-border\"><\/div><\/div><\/div><br \/>\n<div  class='hr av-k18sso0k-4168efec30313b3ff6e618a3f3afd365 hr-short  avia-builder-el-3  el_after_av_heading  el_before_av_textblock  hr-left'><span class='hr-inner '><span class=\"hr-inner-style\"><\/span><\/span><\/div><br \/>\n<section  class='av_textblock_section av-yed4-3fea3e4cc86b230b34966e45bed060c3 '   itemscope=\"itemscope\" itemtype=\"https:\/\/schema.org\/CreativeWork\" ><div class='avia_textblock'  itemprop=\"text\" ><div class=\"av-special-heading av-special-heading-h1 custom-color-heading blockquote modern-quote avia-builder-el-2 el_before_av_hr avia-builder-el-first av-inherit-size \"><\/div>\n<section class=\"av_textblock_section \">\n<div class=\"avia_textblock \">\n<div class=\"entry-content\">\n<h3>KONTAKTADRESSE<\/h3>\n<p>Morestel GmbH<\/p>\n<p>Mustergasse 6<br \/>\n8099 Z\u00fcrich<\/p>\n<p>Tel. +41 12345678<br \/>\ninfo@lecool.ch<br \/>\nwww.lecool.ch<\/p>\n<h3>HAFTUNGSAUSSCHLUSS<\/h3>\n<p>Der Autor \u00fcbernimmt keinerlei Gew\u00e4hr hinsichtlich der inhaltlichen Richtigkeit, Genauigkeit, Aktualit\u00e4t, Zuverl\u00e4ssigkeit und Vollst\u00e4ndigkeit der Informationen.<\/p>\n<p>Haftungsanspr\u00fcche gegen den Autor wegen Sch\u00e4den materieller oder immaterieller Art, welche aus dem Zugriff oder der Nutzung bzw. Nichtnutzung der ver\u00f6ffentlichten Informationen, durch Missbrauch der Verbindung oder durch technische St\u00f6rungen entstanden sind, werden ausgeschlossen.<\/p>\n<p>Alle Angebote sind unverbindlich. Der Autor beh\u00e4lt es sich ausdr\u00fccklich vor, Teile der Seiten oder das gesamte Angebot ohne gesonderte Ank\u00fcndigung zu ver\u00e4ndern, zu erg\u00e4nzen, zu l\u00f6schen oder die Ver\u00f6ffentlichung zeitweise oder endg\u00fcltig einzustellen.<\/p>\n<h3>HAFTUNG F\u00dcR LINKS<\/h3>\n<p>Verweise und Links auf Webseiten Dritter liegen ausserhalb unseres Verantwortungsbereichs Es wird jegliche Verantwortung f\u00fcr solche Webseiten abgelehnt. Der Zugriff und die Nutzung solcher Webseiten erfolgen auf eigene Gefahr des Nutzers oder der Nutzerin.<\/p>\n<h3>URHEBERRECHTE<\/h3>\n<p>Die Urheber- und alle anderen Rechte an Inhalten, Bildern, Fotos oder anderen Dateien auf der Website geh\u00f6ren ausschliesslich oder den speziell genannten Rechtsinhabern. F\u00fcr die Reproduktion jeglicher Elemente ist die schriftliche Zustimmung der Urheberrechtstr\u00e4ger im Voraus einzuholen.<\/p>\n<\/div>\n<\/div>\n<\/section>\n<\/div><\/section><\/p><\/div>\n","protected":false},"excerpt":{"rendered":"","protected":false},"author":3,"featured_media":0,"parent":0,"menu_order":0,"comment_status":"closed","ping_status":"closed","template":"","meta":{"footnotes":""},"class_list":["post-915","page","type-page","status-publish","hentry"],"yoast_head":"<!-- This site is optimized with the Yoast SEO plugin v27.3 - https:\/\/yoast.com\/product\/yoast-seo-wordpress\/ -->\n<title>Impressum | LeCool<\/title>\n<meta name=\"robots\" content=\"index, follow, max-snippet:-1, max-image-preview:large, max-video-preview:-1\" \/>\n<link rel=\"canonical\" href=\"https:\/\/lecool.ch\/it\/impressum\/\" \/>\n<meta property=\"og:locale\" content=\"it_IT\" \/>\n<meta property=\"og:type\" content=\"article\" \/>\n<meta property=\"og:title\" content=\"Impressum | LeCool\" \/>\n<meta property=\"og:url\" content=\"https:\/\/lecool.ch\/it\/impressum\/\" \/>\n<meta property=\"og:site_name\" content=\"LeCool\" \/>\n<meta property=\"article:publisher\" content=\"https:\/\/www.facebook.com\/lecoolvinfrais\/\" \/>\n<meta name=\"twitter:card\" content=\"summary_large_image\" \/>\n<meta name=\"twitter:label1\" content=\"Tempo di lettura stimato\" \/>\n\t<meta name=\"twitter:data1\" content=\"3 minuti\" \/>\n<script type=\"application\/ld+json\" class=\"yoast-schema-graph\">{\"@context\":\"https:\\\/\\\/schema.org\",\"@graph\":[{\"@type\":\"WebPage\",\"@id\":\"https:\\\/\\\/lecool.ch\\\/it\\\/impressum\\\/\",\"url\":\"https:\\\/\\\/lecool.ch\\\/it\\\/impressum\\\/\",\"name\":\"Impressum | LeCool\",\"isPartOf\":{\"@id\":\"https:\\\/\\\/lecool.ch\\\/it\\\/#website\"},\"datePublished\":\"2019-11-13T07:47:03+00:00\",\"breadcrumb\":{\"@id\":\"https:\\\/\\\/lecool.ch\\\/it\\\/impressum\\\/#breadcrumb\"},\"inLanguage\":\"it-IT\",\"potentialAction\":[{\"@type\":\"ReadAction\",\"target\":[\"https:\\\/\\\/lecool.ch\\\/it\\\/impressum\\\/\"]}]},{\"@type\":\"BreadcrumbList\",\"@id\":\"https:\\\/\\\/lecool.ch\\\/it\\\/impressum\\\/#breadcrumb\",\"itemListElement\":[{\"@type\":\"ListItem\",\"position\":1,\"name\":\"Home\",\"item\":\"https:\\\/\\\/lecool.ch\\\/it\\\/home\\\/\"},{\"@type\":\"ListItem\",\"position\":2,\"name\":\"Impressum\"}]},{\"@type\":\"WebSite\",\"@id\":\"https:\\\/\\\/lecool.ch\\\/it\\\/#website\",\"url\":\"https:\\\/\\\/lecool.ch\\\/it\\\/\",\"name\":\"LeCool\",\"description\":\"Warmer Wein, das lass sein!\",\"publisher\":{\"@id\":\"https:\\\/\\\/lecool.ch\\\/it\\\/#organization\"},\"potentialAction\":[{\"@type\":\"SearchAction\",\"target\":{\"@type\":\"EntryPoint\",\"urlTemplate\":\"https:\\\/\\\/lecool.ch\\\/it\\\/?s={search_term_string}\"},\"query-input\":{\"@type\":\"PropertyValueSpecification\",\"valueRequired\":true,\"valueName\":\"search_term_string\"}}],\"inLanguage\":\"it-IT\"},{\"@type\":\"Organization\",\"@id\":\"https:\\\/\\\/lecool.ch\\\/it\\\/#organization\",\"name\":\"LeCool Weink\u00fchlstab\",\"url\":\"https:\\\/\\\/lecool.ch\\\/it\\\/\",\"logo\":{\"@type\":\"ImageObject\",\"inLanguage\":\"it-IT\",\"@id\":\"https:\\\/\\\/lecool.ch\\\/it\\\/#\\\/schema\\\/logo\\\/image\\\/\",\"url\":\"https:\\\/\\\/lecool.ch\\\/wp-content\\\/uploads\\\/2020\\\/01\\\/Untitled.png\",\"contentUrl\":\"https:\\\/\\\/lecool.ch\\\/wp-content\\\/uploads\\\/2020\\\/01\\\/Untitled.png\",\"width\":689,\"height\":258,\"caption\":\"LeCool Weink\u00fchlstab\"},\"image\":{\"@id\":\"https:\\\/\\\/lecool.ch\\\/it\\\/#\\\/schema\\\/logo\\\/image\\\/\"},\"sameAs\":[\"https:\\\/\\\/www.facebook.com\\\/lecoolvinfrais\\\/\"]}]}<\/script>\n<!-- \/ Yoast SEO plugin. -->","yoast_head_json":{"title":"Impressum | LeCool","robots":{"index":"index","follow":"follow","max-snippet":"max-snippet:-1","max-image-preview":"max-image-preview:large","max-video-preview":"max-video-preview:-1"},"canonical":"https:\/\/lecool.ch\/it\/impressum\/","og_locale":"it_IT","og_type":"article","og_title":"Impressum | LeCool","og_url":"https:\/\/lecool.ch\/it\/impressum\/","og_site_name":"LeCool","article_publisher":"https:\/\/www.facebook.com\/lecoolvinfrais\/","twitter_card":"summary_large_image","twitter_misc":{"Tempo di lettura stimato":"3 minuti"},"schema":{"@context":"https:\/\/schema.org","@graph":[{"@type":"WebPage","@id":"https:\/\/lecool.ch\/it\/impressum\/","url":"https:\/\/lecool.ch\/it\/impressum\/","name":"Impressum | LeCool","isPartOf":{"@id":"https:\/\/lecool.ch\/it\/#website"},"datePublished":"2019-11-13T07:47:03+00:00","breadcrumb":{"@id":"https:\/\/lecool.ch\/it\/impressum\/#breadcrumb"},"inLanguage":"it-IT","potentialAction":[{"@type":"ReadAction","target":["https:\/\/lecool.ch\/it\/impressum\/"]}]},{"@type":"BreadcrumbList","@id":"https:\/\/lecool.ch\/it\/impressum\/#breadcrumb","itemListElement":[{"@type":"ListItem","position":1,"name":"Home","item":"https:\/\/lecool.ch\/it\/home\/"},{"@type":"ListItem","position":2,"name":"Impressum"}]},{"@type":"WebSite","@id":"https:\/\/lecool.ch\/it\/#website","url":"https:\/\/lecool.ch\/it\/","name":"LeCool","description":"Warmer Wein, das lass sein!","publisher":{"@id":"https:\/\/lecool.ch\/it\/#organization"},"potentialAction":[{"@type":"SearchAction","target":{"@type":"EntryPoint","urlTemplate":"https:\/\/lecool.ch\/it\/?s={search_term_string}"},"query-input":{"@type":"PropertyValueSpecification","valueRequired":true,"valueName":"search_term_string"}}],"inLanguage":"it-IT"},{"@type":"Organization","@id":"https:\/\/lecool.ch\/it\/#organization","name":"LeCool Weink\u00fchlstab","url":"https:\/\/lecool.ch\/it\/","logo":{"@type":"ImageObject","inLanguage":"it-IT","@id":"https:\/\/lecool.ch\/it\/#\/schema\/logo\/image\/","url":"https:\/\/lecool.ch\/wp-content\/uploads\/2020\/01\/Untitled.png","contentUrl":"https:\/\/lecool.ch\/wp-content\/uploads\/2020\/01\/Untitled.png","width":689,"height":258,"caption":"LeCool Weink\u00fchlstab"},"image":{"@id":"https:\/\/lecool.ch\/it\/#\/schema\/logo\/image\/"},"sameAs":["https:\/\/www.facebook.com\/lecoolvinfrais\/"]}]}},"_links":{"self":[{"href":"https:\/\/lecool.ch\/it\/wp-json\/wp\/v2\/pages\/915","targetHints":{"allow":["GET"]}}],"collection":[{"href":"https:\/\/lecool.ch\/it\/wp-json\/wp\/v2\/pages"}],"about":[{"href":"https:\/\/lecool.ch\/it\/wp-json\/wp\/v2\/types\/page"}],"author":[{"embeddable":true,"href":"https:\/\/lecool.ch\/it\/wp-json\/wp\/v2\/users\/3"}],"replies":[{"embeddable":true,"href":"https:\/\/lecool.ch\/it\/wp-json\/wp\/v2\/comments?post=915"}],"version-history":[{"count":2,"href":"https:\/\/lecool.ch\/it\/wp-json\/wp\/v2\/pages\/915\/revisions"}],"predecessor-version":[{"id":920,"href":"https:\/\/lecool.ch\/it\/wp-json\/wp\/v2\/pages\/915\/revisions\/920"}],"wp:attachment":[{"href":"https:\/\/lecool.ch\/it\/wp-json\/wp\/v2\/media?parent=915"}],"curies":[{"name":"wp","href":"https:\/\/api.w.org\/{rel}","templated":true}]}}