{"id":923,"date":"2019-11-13T08:50:53","date_gmt":"2019-11-13T07:50:53","guid":{"rendered":"https:\/\/lecool.ch\/?page_id=923"},"modified":"2019-11-21T09:26:25","modified_gmt":"2019-11-21T08:26:25","slug":"protezione-dei-dati","status":"publish","type":"page","link":"https:\/\/lecool.ch\/it\/protezione-dei-dati\/","title":{"rendered":"Protezione dei dati"},"content":{"rendered":"<div id='av_section_1'  class='avia-section av-k18sl7el-f1d07a76199fdad3d26751605e020d42 main_color avia-section-huge avia-no-border-styling  avia-builder-el-0  avia-builder-el-no-sibling  avia-bg-style-scroll av-minimum-height av-minimum-height-75 av-height-75  container_wrap fullsize'   data-av_minimum_height_pc='75' data-av_min_height_opt='75'><div class='container av-section-cont-open' ><main  role=\"main\" itemprop=\"mainContentOfPage\"  class='template-page content  av-content-full alpha units'><div class='post-entry post-entry-type-page post-entry-923'><div class='entry-content-wrapper clearfix'>\n\n<style type=\"text\/css\" data-created_by=\"avia_inline_auto\" id=\"style-css-av-1dk8e-c2b94083204fcfca0198696000ef1797\">\n.flex_column.av-1dk8e-c2b94083204fcfca0198696000ef1797{\nborder-radius:0px 0px 0px 0px;\npadding:0px 0px 0px 0px;\n}\n<\/style>\n<div  class='flex_column av-1dk8e-c2b94083204fcfca0198696000ef1797 av_one_full  avia-builder-el-1  avia-builder-el-no-sibling  first flex_column_div av-zero-column-padding  '     ><p>\n<style type=\"text\/css\" data-created_by=\"avia_inline_auto\" id=\"style-css-av-k38gafur-533b0d5d04b933e7859d1657e07f7aaf\">\n#top .av-special-heading.av-k38gafur-533b0d5d04b933e7859d1657e07f7aaf{\npadding-bottom:10px;\nfont-size:45px;\n}\nbody .av-special-heading.av-k38gafur-533b0d5d04b933e7859d1657e07f7aaf .av-special-heading-tag .heading-char{\nfont-size:25px;\n}\n#top #wrap_all .av-special-heading.av-k38gafur-533b0d5d04b933e7859d1657e07f7aaf .av-special-heading-tag{\nfont-size:45px;\n}\n.av-special-heading.av-k38gafur-533b0d5d04b933e7859d1657e07f7aaf .av-subheading{\nfont-size:15px;\n}\n\n@media only screen and (min-width: 480px) and (max-width: 767px){ \n#top #wrap_all .av-special-heading.av-k38gafur-533b0d5d04b933e7859d1657e07f7aaf .av-special-heading-tag{\nfont-size:0.8em;\n}\n}\n\n@media only screen and (max-width: 479px){ \n#top #wrap_all .av-special-heading.av-k38gafur-533b0d5d04b933e7859d1657e07f7aaf .av-special-heading-tag{\nfont-size:0.8em;\n}\n}\n<\/style>\n<div  class='av-special-heading av-k38gafur-533b0d5d04b933e7859d1657e07f7aaf av-special-heading-h1 blockquote modern-quote  avia-builder-el-2  el_before_av_hr  avia-builder-el-first  av-inherit-size'><h1 class='av-special-heading-tag '  itemprop=\"headline\"  >Protezione dei dati<\/h1><div class=\"special-heading-border\"><div class=\"special-heading-inner-border\"><\/div><\/div><\/div><br \/>\n<div  class='hr av-k18svowd-342a5a00faab9c98e9cab65b750147bc hr-short  avia-builder-el-3  el_after_av_heading  el_before_av_textblock  hr-left'><span class='hr-inner '><span class=\"hr-inner-style\"><\/span><\/span><\/div><br \/>\n<section  class='av_textblock_section av-qs0m-644d017734e64dcc59df16fa3b17d12c '   itemscope=\"itemscope\" itemtype=\"https:\/\/schema.org\/CreativeWork\" ><div class='avia_textblock'  itemprop=\"text\" ><p>In base all&#8217;articolo 13 della Costituzione federale svizzera e alle norme sulla protezione dei dati del governo federale (Legge sulla protezione dei dati, DSG), ogni persona ha diritto alla protezione della propria privacy e alla protezione contro l&#8217;uso improprio dei propri dati personali. Aderiamo rigorosamente a questi termini. I dati personali vengono mantenuti strettamente confidenziali e non vengono n\u00e9 venduti a terzi n\u00e9 trasmessi.<\/p>\n<p>In stretta collaborazione con il nostro fornitore di hosting, ci impegniamo a proteggere i database nel miglior modo possibile da accessi non autorizzati, perdita, uso improprio o contraffazione. Quando si accede al nostro sito Web, i seguenti dati vengono archiviati nei file di registro: indirizzo IP, data, ora, richiesta del browser e informazioni generali trasmesse al sistema operativo risp. Browser. Questi dati di utilizzo costituiscono la base per valutazioni statistiche, anonime, in modo che possano essere identificate le tendenze, con le quali possiamo migliorare le nostre offerte di conseguenza.<\/p>\n<p><strong>Informativa sulla privacy per l&#8217;uso di moduli di contatto<\/strong><\/p>\n<p>I dati vengono utilizzati esclusivamente a fini di elaborazione e risposta alle richieste. Inviando il modulo di contatto, l&#8217;interessato accetta il trattamento. Dopo il completamento dell&#8217;elaborazione della richiesta dell&#8217;interessato, i dati raccolti saranno cancellati, nella misura in cui non sono necessari per l&#8217;ulteriore elaborazione della richiesta o un ordine successivo.<\/p>\n<p><strong>Informativa sulla privacy per l&#8217;uso di Google Analytics<\/strong><\/p>\n<p>Questo sito Web utilizza Google Analytics, un servizio di analisi web fornito da Google Inc. (&#8220;Google&#8221;), con l&#8217;estensione &#8220;_anonymizeIp ()&#8221;. Nel processo, gli indirizzi IP vengono abbreviati e pertanto \u00e8 possibile escludere una relazione relativa alla persona. Nella misura in cui i dati raccolti su di te vengono assegnati a una persona, verranno immediatamente esclusi e i dati personali verranno immediatamente eliminati.<\/p>\n<p>Google Analytics utilizza i cosiddetti &#8220;cookie&#8221;, file di testo che vengono memorizzati sul tuo computer e che consentono un&#8217;analisi dell&#8217;utilizzo del sito Web da parte tua. Le informazioni generate dal cookie sull&#8217;utilizzo di questo sito Web vengono generalmente trasmesse a un server di Google negli Stati Uniti e ivi archiviate. Tuttavia, abilitando l&#8217;anonimizzazione IP su questo sito Web, il tuo indirizzo IP verr\u00e0 troncato da Google e non sar\u00e0 pi\u00f9 assegnabile. Solo in casi eccezionali l&#8217;indirizzo IP completo verr\u00e0 inviato a un server di Google negli Stati Uniti, ma poi abbreviato. Google utilizzer\u00e0 queste informazioni per valutare l&#8217;utilizzo del sito Web, compilare report sull&#8217;attivit\u00e0 del sito Web per gli operatori del sito Web e fornire altri servizi relativi all&#8217;attivit\u00e0 del sito Web e all&#8217;utilizzo di Internet. Google pu\u00f2 anche trasferire queste informazioni a terzi se richiesto dalla legge o nella misura in cui terzi elaborano questi dati per conto di Google. L&#8217;indirizzo IP fornito da Google Analytics nell&#8217;ambito di Google Analytics non verr\u00e0 unito ad altri dati forniti da Google. \u00c8 possibile impedire l&#8217;installazione di cookie impostando di conseguenza il software del browser; Tuttavia, tieni presente che in tal caso potresti non essere in grado di utilizzare la piena funzionalit\u00e0 di questo sito Web. Utilizzando questo sito Web, acconsenti al trattamento dei dati su di te da parte di Google secondo le modalit\u00e0 e per le finalit\u00e0 sopra indicate.<\/p>\n<h2 id=\"verwendung\"><span style=\"font-weight: 400;\">Verwendung von Cookies<\/span><\/h2>\n<p>Questo sito utilizza i cookie per garantire il miglior servizio possibile. Utilizzando il sito, accetti l&#8217;uso dei cookie<\/p>\n<\/div><\/section><\/p><\/div>\n","protected":false},"excerpt":{"rendered":"","protected":false},"author":3,"featured_media":0,"parent":0,"menu_order":0,"comment_status":"closed","ping_status":"closed","template":"","meta":{"footnotes":""},"class_list":["post-923","page","type-page","status-publish","hentry"],"yoast_head":"<!-- This site is optimized with the Yoast SEO plugin v27.3 - https:\/\/yoast.com\/product\/yoast-seo-wordpress\/ -->\n<title>Protezione dei dati | LeCool<\/title>\n<meta name=\"robots\" content=\"index, follow, max-snippet:-1, max-image-preview:large, max-video-preview:-1\" \/>\n<link rel=\"canonical\" href=\"https:\/\/lecool.ch\/it\/protezione-dei-dati\/\" \/>\n<meta property=\"og:locale\" content=\"it_IT\" \/>\n<meta property=\"og:type\" content=\"article\" \/>\n<meta property=\"og:title\" content=\"Protezione dei dati | LeCool\" \/>\n<meta property=\"og:url\" content=\"https:\/\/lecool.ch\/it\/protezione-dei-dati\/\" \/>\n<meta property=\"og:site_name\" content=\"LeCool\" \/>\n<meta property=\"article:publisher\" content=\"https:\/\/www.facebook.com\/lecoolvinfrais\/\" \/>\n<meta property=\"article:modified_time\" content=\"2019-11-21T08:26:25+00:00\" \/>\n<meta name=\"twitter:card\" content=\"summary_large_image\" \/>\n<meta name=\"twitter:label1\" content=\"Tempo di lettura stimato\" \/>\n\t<meta name=\"twitter:data1\" content=\"5 minuti\" \/>\n<script type=\"application\/ld+json\" class=\"yoast-schema-graph\">{\"@context\":\"https:\\\/\\\/schema.org\",\"@graph\":[{\"@type\":\"WebPage\",\"@id\":\"https:\\\/\\\/lecool.ch\\\/it\\\/protezione-dei-dati\\\/\",\"url\":\"https:\\\/\\\/lecool.ch\\\/it\\\/protezione-dei-dati\\\/\",\"name\":\"Protezione dei dati | LeCool\",\"isPartOf\":{\"@id\":\"https:\\\/\\\/lecool.ch\\\/it\\\/#website\"},\"datePublished\":\"2019-11-13T07:50:53+00:00\",\"dateModified\":\"2019-11-21T08:26:25+00:00\",\"breadcrumb\":{\"@id\":\"https:\\\/\\\/lecool.ch\\\/it\\\/protezione-dei-dati\\\/#breadcrumb\"},\"inLanguage\":\"it-IT\",\"potentialAction\":[{\"@type\":\"ReadAction\",\"target\":[\"https:\\\/\\\/lecool.ch\\\/it\\\/protezione-dei-dati\\\/\"]}]},{\"@type\":\"BreadcrumbList\",\"@id\":\"https:\\\/\\\/lecool.ch\\\/it\\\/protezione-dei-dati\\\/#breadcrumb\",\"itemListElement\":[{\"@type\":\"ListItem\",\"position\":1,\"name\":\"Home\",\"item\":\"https:\\\/\\\/lecool.ch\\\/it\\\/home\\\/\"},{\"@type\":\"ListItem\",\"position\":2,\"name\":\"Protezione dei dati\"}]},{\"@type\":\"WebSite\",\"@id\":\"https:\\\/\\\/lecool.ch\\\/it\\\/#website\",\"url\":\"https:\\\/\\\/lecool.ch\\\/it\\\/\",\"name\":\"LeCool\",\"description\":\"Warmer Wein, das lass sein!\",\"publisher\":{\"@id\":\"https:\\\/\\\/lecool.ch\\\/it\\\/#organization\"},\"potentialAction\":[{\"@type\":\"SearchAction\",\"target\":{\"@type\":\"EntryPoint\",\"urlTemplate\":\"https:\\\/\\\/lecool.ch\\\/it\\\/?s={search_term_string}\"},\"query-input\":{\"@type\":\"PropertyValueSpecification\",\"valueRequired\":true,\"valueName\":\"search_term_string\"}}],\"inLanguage\":\"it-IT\"},{\"@type\":\"Organization\",\"@id\":\"https:\\\/\\\/lecool.ch\\\/it\\\/#organization\",\"name\":\"LeCool Weink\u00fchlstab\",\"url\":\"https:\\\/\\\/lecool.ch\\\/it\\\/\",\"logo\":{\"@type\":\"ImageObject\",\"inLanguage\":\"it-IT\",\"@id\":\"https:\\\/\\\/lecool.ch\\\/it\\\/#\\\/schema\\\/logo\\\/image\\\/\",\"url\":\"https:\\\/\\\/lecool.ch\\\/wp-content\\\/uploads\\\/2020\\\/01\\\/Untitled.png\",\"contentUrl\":\"https:\\\/\\\/lecool.ch\\\/wp-content\\\/uploads\\\/2020\\\/01\\\/Untitled.png\",\"width\":689,\"height\":258,\"caption\":\"LeCool Weink\u00fchlstab\"},\"image\":{\"@id\":\"https:\\\/\\\/lecool.ch\\\/it\\\/#\\\/schema\\\/logo\\\/image\\\/\"},\"sameAs\":[\"https:\\\/\\\/www.facebook.com\\\/lecoolvinfrais\\\/\"]}]}<\/script>\n<!-- \/ Yoast SEO plugin. -->","yoast_head_json":{"title":"Protezione dei dati | LeCool","robots":{"index":"index","follow":"follow","max-snippet":"max-snippet:-1","max-image-preview":"max-image-preview:large","max-video-preview":"max-video-preview:-1"},"canonical":"https:\/\/lecool.ch\/it\/protezione-dei-dati\/","og_locale":"it_IT","og_type":"article","og_title":"Protezione dei dati | LeCool","og_url":"https:\/\/lecool.ch\/it\/protezione-dei-dati\/","og_site_name":"LeCool","article_publisher":"https:\/\/www.facebook.com\/lecoolvinfrais\/","article_modified_time":"2019-11-21T08:26:25+00:00","twitter_card":"summary_large_image","twitter_misc":{"Tempo di lettura stimato":"5 minuti"},"schema":{"@context":"https:\/\/schema.org","@graph":[{"@type":"WebPage","@id":"https:\/\/lecool.ch\/it\/protezione-dei-dati\/","url":"https:\/\/lecool.ch\/it\/protezione-dei-dati\/","name":"Protezione dei dati | LeCool","isPartOf":{"@id":"https:\/\/lecool.ch\/it\/#website"},"datePublished":"2019-11-13T07:50:53+00:00","dateModified":"2019-11-21T08:26:25+00:00","breadcrumb":{"@id":"https:\/\/lecool.ch\/it\/protezione-dei-dati\/#breadcrumb"},"inLanguage":"it-IT","potentialAction":[{"@type":"ReadAction","target":["https:\/\/lecool.ch\/it\/protezione-dei-dati\/"]}]},{"@type":"BreadcrumbList","@id":"https:\/\/lecool.ch\/it\/protezione-dei-dati\/#breadcrumb","itemListElement":[{"@type":"ListItem","position":1,"name":"Home","item":"https:\/\/lecool.ch\/it\/home\/"},{"@type":"ListItem","position":2,"name":"Protezione dei dati"}]},{"@type":"WebSite","@id":"https:\/\/lecool.ch\/it\/#website","url":"https:\/\/lecool.ch\/it\/","name":"LeCool","description":"Warmer Wein, das lass sein!","publisher":{"@id":"https:\/\/lecool.ch\/it\/#organization"},"potentialAction":[{"@type":"SearchAction","target":{"@type":"EntryPoint","urlTemplate":"https:\/\/lecool.ch\/it\/?s={search_term_string}"},"query-input":{"@type":"PropertyValueSpecification","valueRequired":true,"valueName":"search_term_string"}}],"inLanguage":"it-IT"},{"@type":"Organization","@id":"https:\/\/lecool.ch\/it\/#organization","name":"LeCool Weink\u00fchlstab","url":"https:\/\/lecool.ch\/it\/","logo":{"@type":"ImageObject","inLanguage":"it-IT","@id":"https:\/\/lecool.ch\/it\/#\/schema\/logo\/image\/","url":"https:\/\/lecool.ch\/wp-content\/uploads\/2020\/01\/Untitled.png","contentUrl":"https:\/\/lecool.ch\/wp-content\/uploads\/2020\/01\/Untitled.png","width":689,"height":258,"caption":"LeCool Weink\u00fchlstab"},"image":{"@id":"https:\/\/lecool.ch\/it\/#\/schema\/logo\/image\/"},"sameAs":["https:\/\/www.facebook.com\/lecoolvinfrais\/"]}]}},"_links":{"self":[{"href":"https:\/\/lecool.ch\/it\/wp-json\/wp\/v2\/pages\/923","targetHints":{"allow":["GET"]}}],"collection":[{"href":"https:\/\/lecool.ch\/it\/wp-json\/wp\/v2\/pages"}],"about":[{"href":"https:\/\/lecool.ch\/it\/wp-json\/wp\/v2\/types\/page"}],"author":[{"embeddable":true,"href":"https:\/\/lecool.ch\/it\/wp-json\/wp\/v2\/users\/3"}],"replies":[{"embeddable":true,"href":"https:\/\/lecool.ch\/it\/wp-json\/wp\/v2\/comments?post=923"}],"version-history":[{"count":6,"href":"https:\/\/lecool.ch\/it\/wp-json\/wp\/v2\/pages\/923\/revisions"}],"predecessor-version":[{"id":1038,"href":"https:\/\/lecool.ch\/it\/wp-json\/wp\/v2\/pages\/923\/revisions\/1038"}],"wp:attachment":[{"href":"https:\/\/lecool.ch\/it\/wp-json\/wp\/v2\/media?parent=923"}],"curies":[{"name":"wp","href":"https:\/\/api.w.org\/{rel}","templated":true}]}}